{"id":25,"date":"2026-04-12T16:47:08","date_gmt":"2026-04-12T19:47:08","guid":{"rendered":"https:\/\/certihub.ebsolucoesdigitais.com.br\/?page_id=25"},"modified":"2026-04-12T17:17:56","modified_gmt":"2026-04-12T20:17:56","slug":"inicio","status":"publish","type":"page","link":"https:\/\/certihub.ebsolucoesdigitais.com.br\/","title":{"rendered":"Inicio"},"content":{"rendered":"\t\t<div data-elementor-type=\"wp-page\" data-elementor-id=\"25\" class=\"elementor elementor-25\" data-elementor-post-type=\"page\">\n\t\t\t\t<div class=\"elementor-element elementor-element-db0a60e e-flex e-con-boxed e-con e-parent\" data-id=\"db0a60e\" data-element_type=\"container\" data-e-type=\"container\" data-settings=\"{&quot;background_background&quot;:&quot;video&quot;,&quot;background_video_link&quot;:&quot;https:\\\/\\\/youtu.be\\\/DuEdlbBGymo&quot;,&quot;background_privacy_mode&quot;:&quot;yes&quot;}\">\n\t\t\t\t\t<div class=\"e-con-inner\">\n\t\t<div class=\"elementor-background-video-container elementor-hidden-mobile\">\n\t\t\t\t\t\t\t<div class=\"elementor-background-video-embed\" role=\"presentation\"><\/div>\n\t\t\t\t\t\t<\/div>\t\t<div class=\"elementor-element elementor-element-103c43c elementor-widget__width-initial elementor-widget elementor-widget-heading\" data-id=\"103c43c\" data-element_type=\"widget\" data-e-type=\"widget\" data-widget_type=\"heading.default\">\n\t\t\t\t\t<h2 class=\"elementor-heading-title elementor-size-default\">Transforme sua carreira<\/h2>\t\t\t\t<\/div>\n\t\t\t\t<div class=\"elementor-element elementor-element-0f125e4 elementor-widget__width-initial elementor-widget elementor-widget-heading\" data-id=\"0f125e4\" data-element_type=\"widget\" data-e-type=\"widget\" data-widget_type=\"heading.default\">\n\t\t\t\t\t<p class=\"elementor-heading-title elementor-size-default\">Acesso a trilhas estruturadas, 1.500+ cursos pr\u00e1ticos e exames oficiais da Pearson Vue. Conquiste as melhores vagas do mercado.\n\n<\/p>\t\t\t\t<\/div>\n\t\t\t\t<div class=\"elementor-element elementor-element-02c9ba3 elementor-align-left elementor-widget elementor-widget-button\" data-id=\"02c9ba3\" data-element_type=\"widget\" data-e-type=\"widget\" data-widget_type=\"button.default\">\n\t\t\t\t\t\t\t\t\t\t<a class=\"elementor-button elementor-button-link elementor-size-sm\" href=\"#\">\n\t\t\t\t\t\t<span class=\"elementor-button-content-wrapper\">\n\t\t\t\t\t\t\t\t\t<span class=\"elementor-button-text\">Come\u00e7ar Agora<\/span>\n\t\t\t\t\t<\/span>\n\t\t\t\t\t<\/a>\n\t\t\t\t\t\t\t\t<\/div>\n\t\t\t\t\t<\/div>\n\t\t\t\t<\/div>\n\t\t<div class=\"elementor-element elementor-element-05689fc e-flex e-con-boxed e-con e-parent\" data-id=\"05689fc\" data-element_type=\"container\" data-e-type=\"container\" data-settings=\"{&quot;background_background&quot;:&quot;classic&quot;}\">\n\t\t\t\t\t<div class=\"e-con-inner\">\n\t\t\t\t<div class=\"elementor-element elementor-element-20f96c2 elementor-widget__width-initial elementor-widget-mobile__width-inherit elementor-widget elementor-widget-image-box\" data-id=\"20f96c2\" data-element_type=\"widget\" data-e-type=\"widget\" data-widget_type=\"image-box.default\">\n\t\t\t\t\t<div class=\"elementor-image-box-wrapper\"><div class=\"elementor-image-box-content\"><h3 class=\"elementor-image-box-title\">SOBRE N\u00d3S \u200b<\/h3><p class=\"elementor-image-box-description\">Criados na ind\u00fastria do varejo e antenados com tecnologia resolvemos expandir para um universo aonde consegu\u00edssemos potencializar o conhecimentos e reconhecimento global de pessoas. <br><br>\n\nNossa Miss\u00e3o \u00e9 criar uma plataforma que atenda a todos os n\u00edveis de conhecimentos e carreiras de forma f\u00e1cil e did\u00e1tica de navegar. Aonde qualquer pessoa consiga identificar o seu lugar e atrav\u00e9s da maior administradora de exames do mundo, a Pearson Vue,  consiga ter acesso a cursos, pr\u00e1ticas e provas para alcan\u00e7arem as portas abertas no mercado nacional e internacional.\n<\/p><\/div><\/div>\t\t\t\t<\/div>\n\t\t\t\t<div class=\"elementor-element elementor-element-ffc021d elementor-widget elementor-widget-image\" data-id=\"ffc021d\" data-element_type=\"widget\" data-e-type=\"widget\" data-widget_type=\"image.default\">\n\t\t\t\t\t\t\t\t\t\t\t\t\t\t\t<img fetchpriority=\"high\" decoding=\"async\" width=\"800\" height=\"717\" src=\"https:\/\/certihub.ebsolucoesdigitais.com.br\/wp-content\/uploads\/2026\/04\/splash-sobre-1024x918.webp\" class=\"attachment-large size-large wp-image-36\" alt=\"\" srcset=\"https:\/\/certihub.ebsolucoesdigitais.com.br\/wp-content\/uploads\/2026\/04\/splash-sobre-1024x918.webp 1024w, https:\/\/certihub.ebsolucoesdigitais.com.br\/wp-content\/uploads\/2026\/04\/splash-sobre-300x269.webp 300w, https:\/\/certihub.ebsolucoesdigitais.com.br\/wp-content\/uploads\/2026\/04\/splash-sobre-768x689.webp 768w, https:\/\/certihub.ebsolucoesdigitais.com.br\/wp-content\/uploads\/2026\/04\/splash-sobre-1536x1378.webp 1536w, https:\/\/certihub.ebsolucoesdigitais.com.br\/wp-content\/uploads\/2026\/04\/splash-sobre-2048x1837.webp 2048w\" sizes=\"(max-width: 800px) 100vw, 800px\" \/>\t\t\t\t\t\t\t\t\t\t\t\t\t\t\t<\/div>\n\t\t\t\t\t<\/div>\n\t\t\t\t<\/div>\n\t\t\t\t<\/div>\n\t\t","protected":false},"excerpt":{"rendered":"<p>Transforme sua carreira Acesso a trilhas estruturadas, 1.500+ cursos pr\u00e1ticos e exames oficiais da Pearson Vue. Conquiste as melhores vagas do mercado. Come\u00e7ar Agora SOBRE N\u00d3S \u200b Criados na ind\u00fastria do varejo e antenados com tecnologia resolvemos expandir para um universo aonde consegu\u00edssemos potencializar o conhecimentos e reconhecimento global de pessoas. Nossa Miss\u00e3o \u00e9 criar [&hellip;]<\/p>\n","protected":false},"author":1,"featured_media":0,"parent":0,"menu_order":0,"comment_status":"closed","ping_status":"closed","template":"elementor_header_footer","meta":{"footnotes":""},"class_list":["post-25","page","type-page","status-publish","hentry"],"_links":{"self":[{"href":"https:\/\/certihub.ebsolucoesdigitais.com.br\/index.php?rest_route=\/wp\/v2\/pages\/25","targetHints":{"allow":["GET"]}}],"collection":[{"href":"https:\/\/certihub.ebsolucoesdigitais.com.br\/index.php?rest_route=\/wp\/v2\/pages"}],"about":[{"href":"https:\/\/certihub.ebsolucoesdigitais.com.br\/index.php?rest_route=\/wp\/v2\/types\/page"}],"author":[{"embeddable":true,"href":"https:\/\/certihub.ebsolucoesdigitais.com.br\/index.php?rest_route=\/wp\/v2\/users\/1"}],"replies":[{"embeddable":true,"href":"https:\/\/certihub.ebsolucoesdigitais.com.br\/index.php?rest_route=%2Fwp%2Fv2%2Fcomments&post=25"}],"version-history":[{"count":5,"href":"https:\/\/certihub.ebsolucoesdigitais.com.br\/index.php?rest_route=\/wp\/v2\/pages\/25\/revisions"}],"predecessor-version":[{"id":42,"href":"https:\/\/certihub.ebsolucoesdigitais.com.br\/index.php?rest_route=\/wp\/v2\/pages\/25\/revisions\/42"}],"wp:attachment":[{"href":"https:\/\/certihub.ebsolucoesdigitais.com.br\/index.php?rest_route=%2Fwp%2Fv2%2Fmedia&parent=25"}],"curies":[{"name":"wp","href":"https:\/\/api.w.org\/{rel}","templated":true}]}}